{"id":20499,"date":"2022-10-14T16:05:07","date_gmt":"2022-10-14T14:05:07","guid":{"rendered":"https:\/\/hollandhouseofhemp.com\/convertirse-en-probador\/"},"modified":"2023-04-13T08:12:20","modified_gmt":"2023-04-13T06:12:20","slug":"convertirse-en-probador","status":"publish","type":"page","link":"https:\/\/hollandhouseofhemp.com\/es\/convertirse-en-probador\/","title":{"rendered":"Convertirse en probador"},"content":{"rendered":"\t\t<div data-elementor-type=\"wp-page\" data-elementor-id=\"20499\" class=\"elementor elementor-20499\" data-elementor-post-type=\"page\">\n\t\t\t\t\t\t<section class=\"elementor-section elementor-top-section elementor-element elementor-element-4e36966 elementor-section-stretched elementor-section-boxed elementor-section-height-default elementor-section-height-default\" data-id=\"4e36966\" data-element_type=\"section\" data-settings=\"{&quot;stretch_section&quot;:&quot;section-stretched&quot;,&quot;background_background&quot;:&quot;classic&quot;}\">\n\t\t\t\t\t\t<div class=\"elementor-container elementor-column-gap-no\">\n\t\t\t\t\t<div class=\"elementor-column elementor-col-50 elementor-top-column elementor-element elementor-element-3d338a1\" data-id=\"3d338a1\" data-element_type=\"column\">\n\t\t\t<div class=\"elementor-widget-wrap elementor-element-populated\">\n\t\t\t\t\t\t<div class=\"elementor-element elementor-element-854ec9e elementor-invisible elementor-widget elementor-widget-heading\" data-id=\"854ec9e\" data-element_type=\"widget\" data-settings=\"{&quot;_animation&quot;:&quot;fadeInUp&quot;}\" data-widget_type=\"heading.default\">\n\t\t\t\t<div class=\"elementor-widget-container\">\n\t\t\t\t\t<h1 class=\"elementor-heading-title elementor-size-default\">Tester worden<\/h1>\t\t\t\t<\/div>\n\t\t\t\t<\/div>\n\t\t\t\t<div class=\"elementor-element elementor-element-f7ac949 elementor-invisible elementor-widget elementor-widget-heading\" data-id=\"f7ac949\" data-element_type=\"widget\" data-settings=\"{&quot;_animation&quot;:&quot;fadeInDown&quot;}\" data-widget_type=\"heading.default\">\n\t\t\t\t<div class=\"elementor-widget-container\">\n\t\t\t\t\t<h3 class=\"elementor-heading-title elementor-size-default\">de Holland House of Hemp<\/h3>\t\t\t\t<\/div>\n\t\t\t\t<\/div>\n\t\t\t\t\t<\/div>\n\t\t<\/div>\n\t\t\t\t<div class=\"elementor-column elementor-col-50 elementor-top-column elementor-element elementor-element-6eafde3\" data-id=\"6eafde3\" data-element_type=\"column\">\n\t\t\t<div class=\"elementor-widget-wrap\">\n\t\t\t\t\t\t\t<\/div>\n\t\t<\/div>\n\t\t\t\t\t<\/div>\n\t\t<\/section>\n\t\t\t\t<section class=\"elementor-section elementor-top-section elementor-element elementor-element-6f7ac4f elementor-section-content-top elementor-section-boxed elementor-section-height-default elementor-section-height-default\" data-id=\"6f7ac4f\" data-element_type=\"section\">\n\t\t\t\t\t\t<div class=\"elementor-container elementor-column-gap-wider\">\n\t\t\t\t\t<div class=\"elementor-column elementor-col-50 elementor-top-column elementor-element elementor-element-82933f2\" data-id=\"82933f2\" data-element_type=\"column\">\n\t\t\t<div class=\"elementor-widget-wrap elementor-element-populated\">\n\t\t\t\t\t\t<div class=\"elementor-element elementor-element-e0ef481 elementor-widget elementor-widget-heading\" data-id=\"e0ef481\" data-element_type=\"widget\" data-widget_type=\"heading.default\">\n\t\t\t\t<div class=\"elementor-widget-container\">\n\t\t\t\t\t<h2 class=\"elementor-heading-title elementor-size-default\">\u00a1Le estamos buscando!<\/h2>\t\t\t\t<\/div>\n\t\t\t\t<\/div>\n\t\t\t\t<div class=\"elementor-element elementor-element-5583546 elementor-widget elementor-widget-text-editor\" data-id=\"5583546\" data-element_type=\"widget\" data-widget_type=\"text-editor.default\">\n\t\t\t\t<div class=\"elementor-widget-container\">\n\t\t\t\t\t\t\t\t\t<p>\u00a1Holland House of Hemp te busca!<\/p>\n<p>Elegimos conscientemente lo ecol\u00f3gico y sostenible. Todos los productos de nuestra gama deben cumplir nuestros estrictos requisitos. Esto se aplica a los productos para ni\u00f1os, pero tambi\u00e9n a los productos para adultos y animales. De hecho, Holland House of Hemp es algo m\u00e1s que una tienda en l\u00ednea. Defendemos los productos sanos, seguros y ecol\u00f3gicos.<\/p>\n<p>Atribuimos gran importancia a ofrecer un asesoramiento honesto sobre nuestros productos. S\u00f3lo as\u00ed podemos asesorar exhaustivamente a los clientes. Pero para ello, necesitamos ayuda.<strong> <\/strong><\/p>\n<p>Para optimizar a\u00fan m\u00e1s este asesoramiento, tambi\u00e9n necesitamos sus descubrimientos y experiencias sobre nuestros productos. \u00bfCree que puede aportar valor a\u00f1adido? Entonces inscr\u00edbete ahora!<\/p>\n<p>PS: CBDA no es psicoactiva. Nuestros productos contienen el THC permitido, no te drogar\u00e1s con esa cantidad, nunca.<\/p>\n<p><strong>Thakis<\/strong>.<\/p>\n\t\t\t\t\t\t\t\t<\/div>\n\t\t\t\t<\/div>\n\t\t\t\t\t<\/div>\n\t\t<\/div>\n\t\t\t\t<div class=\"elementor-column elementor-col-50 elementor-top-column elementor-element elementor-element-ed140eb\" data-id=\"ed140eb\" data-element_type=\"column\">\n\t\t\t<div class=\"elementor-widget-wrap elementor-element-populated\">\n\t\t\t\t\t\t<div class=\"elementor-element elementor-element-e696b6b elementor-widget elementor-widget-heading\" data-id=\"e696b6b\" data-element_type=\"widget\" data-widget_type=\"heading.default\">\n\t\t\t\t<div class=\"elementor-widget-container\">\n\t\t\t\t\t<h2 class=\"elementor-heading-title elementor-size-default\">\u00bfQu\u00e9 exigimos a nuestros probadores?<\/h2>\t\t\t\t<\/div>\n\t\t\t\t<\/div>\n\t\t\t\t<div class=\"elementor-element elementor-element-2197ae5 elementor-widget elementor-widget-text-editor\" data-id=\"2197ae5\" data-element_type=\"widget\" data-widget_type=\"text-editor.default\">\n\t\t\t\t<div class=\"elementor-widget-container\">\n\t\t\t\t\t\t\t\t\t<p>Durante varias semanas, tendr\u00e1 la oportunidad de probar un producto. Tras este periodo de prueba esperamos:<\/p>\n<ul>\n<li>cinco bonitas fotos de c\u00f3mo usas el producto. Preferiblemente fotos antes\/despu\u00e9s y realmente no tienen que ser fotos profesionales<\/li>\n<li>un breve texto de rese\u00f1a en nuestro sitio web<\/li>\n<li>un breve texto de rese\u00f1a en nuestras otras p\u00e1ginas de medios sociales<\/li>\n<\/ul>\n<p>.<\/p>\n\t\t\t\t\t\t\t\t<\/div>\n\t\t\t\t<\/div>\n\t\t\t\t<div class=\"elementor-element elementor-element-55ec752 elementor-widget elementor-widget-heading\" data-id=\"55ec752\" data-element_type=\"widget\" data-widget_type=\"heading.default\">\n\t\t\t\t<div class=\"elementor-widget-container\">\n\t\t\t\t\t<h2 class=\"elementor-heading-title elementor-size-default\">Las condiciones<\/h2>\t\t\t\t<\/div>\n\t\t\t\t<\/div>\n\t\t\t\t<div class=\"elementor-element elementor-element-576e244 elementor-widget elementor-widget-text-editor\" data-id=\"576e244\" data-element_type=\"widget\" data-widget_type=\"text-editor.default\">\n\t\t\t\t<div class=\"elementor-widget-container\">\n\t\t\t\t\t\t\t\t\t<p>Tienes una necesidad demostrable de CBDA.<\/p>\n<p>Est\u00e1s dispuesto a compartir tus experiencias en las redes sociales si te lo piden.<\/p>\n<p>Tienes una necesidad demostrable de CBDA.<\/p>\n\t\t\t\t\t\t\t\t<\/div>\n\t\t\t\t<\/div>\n\t\t\t\t\t<\/div>\n\t\t<\/div>\n\t\t\t\t\t<\/div>\n\t\t<\/section>\n\t\t\t\t<section class=\"elementor-section elementor-top-section elementor-element elementor-element-c3c1bf0 elementor-section-boxed elementor-section-height-default elementor-section-height-default\" data-id=\"c3c1bf0\" data-element_type=\"section\">\n\t\t\t\t\t\t<div class=\"elementor-container elementor-column-gap-default\">\n\t\t\t\t\t<div class=\"elementor-column elementor-col-100 elementor-top-column elementor-element elementor-element-7df6275\" data-id=\"7df6275\" data-element_type=\"column\">\n\t\t\t<div class=\"elementor-widget-wrap elementor-element-populated\">\n\t\t\t\t\t\t<div class=\"elementor-element elementor-element-3e6feae elementor-button-align-start elementor-widget elementor-widget-form\" data-id=\"3e6feae\" data-element_type=\"widget\" data-settings=\"{&quot;step_next_label&quot;:&quot;\\u2190 Anterior&quot;,&quot;step_previous_label&quot;:&quot;Siguiente \\u2192&quot;,&quot;step_type&quot;:&quot;text&quot;,&quot;button_width&quot;:&quot;100&quot;}\" data-widget_type=\"form.default\">\n\t\t\t\t<div class=\"elementor-widget-container\">\n\t\t\t\t\t\t\t<form class=\"elementor-form\" method=\"post\" name=\"Formulario de contacto\">\n\t\t\t<input type=\"hidden\" name=\"post_id\" value=\"20499\"\/>\n\t\t\t<input type=\"hidden\" name=\"form_id\" value=\"3e6feae\"\/>\n\t\t\t<input type=\"hidden\" name=\"referer_title\" value=\"Convertirse en probador | Holland House of Hemp\" \/>\n\n\t\t\t\t\t\t\t<input type=\"hidden\" name=\"queried_id\" value=\"20499\"\/>\n\t\t\t\n\t\t\t<div class=\"elementor-form-fields-wrapper elementor-labels-above\">\n\t\t\t\t\t\t\t\t<div class=\"elementor-field-type-step elementor-field-group elementor-column elementor-field-group-field_0df9318 elementor-col-100\">\n\t\t\t\t\t\t\t<div class=\"e-field-step elementor-hidden\" data-label=\"Datos generales\" data-previousButton=\"Anterior\" data-nextButton=\"Siguente\" data-iconUrl=\"\" data-iconLibrary=\"fas fa-star\" data-icon=\"\" ><\/div>\n\n\t\t\t\t\t\t<\/div>\n\t\t\t\t\t\t\t\t<div class=\"elementor-field-type-text elementor-field-group elementor-column elementor-field-group-name elementor-col-100 elementor-field-required elementor-mark-required\">\n\t\t\t\t\t\t\t\t\t\t\t\t<label for=\"form-field-name\" class=\"elementor-field-label\">\n\t\t\t\t\t\t\t\tNombre\t\t\t\t\t\t\t<\/label>\n\t\t\t\t\t\t\t\t\t\t\t\t\t\t<input size=\"1\" type=\"text\" name=\"form_fields[name]\" id=\"form-field-name\" class=\"elementor-field elementor-size-sm  elementor-field-textual\" placeholder=\"Introduzca su nombre y apellidos\" required=\"required\">\n\t\t\t\t\t\t\t\t\t\t\t<\/div>\n\t\t\t\t\t\t\t\t<div class=\"elementor-field-type-text elementor-field-group elementor-column elementor-field-group-field_d45be10 elementor-col-100 elementor-field-required elementor-mark-required\">\n\t\t\t\t\t\t\t\t\t\t\t\t<label for=\"form-field-field_d45be10\" class=\"elementor-field-label\">\n\t\t\t\t\t\t\t\tDirecci\u00f3n\t\t\t\t\t\t\t<\/label>\n\t\t\t\t\t\t\t\t\t\t\t\t\t\t<input size=\"1\" type=\"text\" name=\"form_fields[field_d45be10]\" id=\"form-field-field_d45be10\" class=\"elementor-field elementor-size-sm  elementor-field-textual\" placeholder=\"Introduzca aqu\u00ed su direcci\u00f3n\" required=\"required\">\n\t\t\t\t\t\t\t\t\t\t\t<\/div>\n\t\t\t\t\t\t\t\t<div class=\"elementor-field-type-text elementor-field-group elementor-column elementor-field-group-field_2f00bda elementor-col-50 elementor-field-required elementor-mark-required\">\n\t\t\t\t\t\t\t\t\t\t\t\t<label for=\"form-field-field_2f00bda\" class=\"elementor-field-label\">\n\t\t\t\t\t\t\t\t C\u00f3digo postal\t\t\t\t\t\t\t<\/label>\n\t\t\t\t\t\t\t\t\t\t\t\t\t\t<input size=\"1\" type=\"text\" name=\"form_fields[field_2f00bda]\" id=\"form-field-field_2f00bda\" class=\"elementor-field elementor-size-sm  elementor-field-textual\" placeholder=\"Introduzca aqu\u00ed su c\u00f3digo postal\" required=\"required\">\n\t\t\t\t\t\t\t\t\t\t\t<\/div>\n\t\t\t\t\t\t\t\t<div class=\"elementor-field-type-text elementor-field-group elementor-column elementor-field-group-field_54b558d elementor-col-50 elementor-field-required elementor-mark-required\">\n\t\t\t\t\t\t\t\t\t\t\t\t<label for=\"form-field-field_54b558d\" class=\"elementor-field-label\">\n\t\t\t\t\t\t\t\tDirecci\u00f3n\t\t\t\t\t\t\t<\/label>\n\t\t\t\t\t\t\t\t\t\t\t\t\t\t<input size=\"1\" type=\"text\" name=\"form_fields[field_54b558d]\" id=\"form-field-field_54b558d\" class=\"elementor-field elementor-size-sm  elementor-field-textual\" placeholder=\"Introduzca aqu\u00ed su ubicaci\u00f3n\" required=\"required\">\n\t\t\t\t\t\t\t\t\t\t\t<\/div>\n\t\t\t\t\t\t\t\t<div class=\"elementor-field-type-step elementor-field-group elementor-column elementor-field-group-field_5a4a19e elementor-col-100\">\n\t\t\t\t\t\t\t<div class=\"e-field-step elementor-hidden\" data-label=\"Datos de contacto\" data-previousButton=\"Anterior\" data-nextButton=\"Siguente\" data-iconUrl=\"\" data-iconLibrary=\"fas fa-star\" data-icon=\"\" ><\/div>\n\n\t\t\t\t\t\t<\/div>\n\t\t\t\t\t\t\t\t<div class=\"elementor-field-type-tel elementor-field-group elementor-column elementor-field-group-field_b81065b elementor-col-100 elementor-field-required elementor-mark-required\">\n\t\t\t\t\t\t\t\t\t\t\t\t<label for=\"form-field-field_b81065b\" class=\"elementor-field-label\">\n\t\t\t\t\t\t\t\tN\u00famero de tel\u00e9fono\t\t\t\t\t\t\t<\/label>\n\t\t\t\t\t\t\t\t<input size=\"1\" type=\"tel\" name=\"form_fields[field_b81065b]\" id=\"form-field-field_b81065b\" class=\"elementor-field elementor-size-sm  elementor-field-textual\" placeholder=\"Introduzca aqu\u00ed su n\u00famero de tel\u00e9fono\" required=\"required\" pattern=\"[0-9()#&amp;+*-=.]+\" title=\"Solo se aceptan n\u00fameros y caracteres de tel\u00e9fono (#,-,*,etc).\">\n\n\t\t\t\t\t\t<\/div>\n\t\t\t\t\t\t\t\t<div class=\"elementor-field-type-email elementor-field-group elementor-column elementor-field-group-field_a2c26a9 elementor-col-100 elementor-field-required elementor-mark-required\">\n\t\t\t\t\t\t\t\t\t\t\t\t<label for=\"form-field-field_a2c26a9\" class=\"elementor-field-label\">\n\t\t\t\t\t\t\t\tCorreo electr\u00f3nico\t\t\t\t\t\t\t<\/label>\n\t\t\t\t\t\t\t\t\t\t\t\t\t\t<input size=\"1\" type=\"email\" name=\"form_fields[field_a2c26a9]\" id=\"form-field-field_a2c26a9\" class=\"elementor-field elementor-size-sm  elementor-field-textual\" placeholder=\"Introduzca aqu\u00ed su direcci\u00f3n de correo electr\u00f3nico\" required=\"required\">\n\t\t\t\t\t\t\t\t\t\t\t<\/div>\n\t\t\t\t\t\t\t\t<div class=\"elementor-field-type-step elementor-field-group elementor-column elementor-field-group-field_2937005 elementor-col-100\">\n\t\t\t\t\t\t\t<div class=\"e-field-step elementor-hidden\" data-label=\"Condiciones generales\" data-previousButton=\"Anterior\" data-nextButton=\"Siguente\" data-iconUrl=\"\" data-iconLibrary=\"fas fa-star\" data-icon=\"\" ><\/div>\n\n\t\t\t\t\t\t<\/div>\n\t\t\t\t\t\t\t\t<div class=\"elementor-field-type-checkbox elementor-field-group elementor-column elementor-field-group-field_2323441 elementor-col-100\">\n\t\t\t\t\t<div class=\"elementor-field-subgroup  \"><span class=\"elementor-field-option\"><input type=\"checkbox\" value=\"Acepto las &lt;a href=&quot;https:\/\/hollandhouseofhemp.com\/algemene-voorwaarden\/&quot;&gt;condiciones generales&lt;\/a&gt;.\" id=\"form-field-field_2323441-0\" name=\"form_fields[field_2323441]\"> <label for=\"form-field-field_2323441-0\">Acepto las <a href=\"https:\/\/hollandhouseofhemp.com\/algemene-voorwaarden\/\">condiciones generales<\/a>.<\/label><\/span><\/div>\t\t\t\t<\/div>\n\t\t\t\t\t\t\t\t<div class=\"elementor-field-group elementor-column elementor-field-type-submit elementor-col-100 e-form__buttons\">\n\t\t\t\t\t<button class=\"elementor-button elementor-size-sm\" type=\"submit\">\n\t\t\t\t\t\t<span class=\"elementor-button-content-wrapper\">\n\t\t\t\t\t\t\t\t\t\t\t\t\t\t\t\t\t\t\t\t\t\t<span class=\"elementor-button-text\">Enviar \u2192<\/span>\n\t\t\t\t\t\t\t\t\t\t\t\t\t<\/span>\n\t\t\t\t\t<\/button>\n\t\t\t\t<\/div>\n\t\t\t<\/div>\n\t\t<\/form>\n\t\t\t\t\t\t<\/div>\n\t\t\t\t<\/div>\n\t\t\t\t\t<\/div>\n\t\t<\/div>\n\t\t\t\t\t<\/div>\n\t\t<\/section>\n\t\t\t\t<\/div>\n\t\t","protected":false},"excerpt":{"rendered":"<p>Tester worden de Holland House of Hemp \u00a1Le estamos buscando! \u00a1Holland House of Hemp te busca! Elegimos conscientemente lo ecol\u00f3gico y sostenible. Todos los productos de nuestra gama deben cumplir nuestros estrictos requisitos. Esto se aplica a los productos para ni\u00f1os, pero tambi\u00e9n a los productos para adultos y animales. De hecho, Holland House of [&hellip;]<\/p>\n","protected":false},"author":2,"featured_media":0,"parent":0,"menu_order":0,"comment_status":"closed","ping_status":"closed","template":"template-fullwidth-no-heading.php","meta":{"footnotes":""},"class_list":["post-20499","page","type-page","status-publish","hentry"],"_links":{"self":[{"href":"https:\/\/hollandhouseofhemp.com\/es\/wp-json\/wp\/v2\/pages\/20499","targetHints":{"allow":["GET"]}}],"collection":[{"href":"https:\/\/hollandhouseofhemp.com\/es\/wp-json\/wp\/v2\/pages"}],"about":[{"href":"https:\/\/hollandhouseofhemp.com\/es\/wp-json\/wp\/v2\/types\/page"}],"author":[{"embeddable":true,"href":"https:\/\/hollandhouseofhemp.com\/es\/wp-json\/wp\/v2\/users\/2"}],"replies":[{"embeddable":true,"href":"https:\/\/hollandhouseofhemp.com\/es\/wp-json\/wp\/v2\/comments?post=20499"}],"version-history":[{"count":0,"href":"https:\/\/hollandhouseofhemp.com\/es\/wp-json\/wp\/v2\/pages\/20499\/revisions"}],"wp:attachment":[{"href":"https:\/\/hollandhouseofhemp.com\/es\/wp-json\/wp\/v2\/media?parent=20499"}],"curies":[{"name":"wp","href":"https:\/\/api.w.org\/{rel}","templated":true}]}}