{"id":18947,"date":"2022-10-13T11:08:13","date_gmt":"2022-10-13T09:08:13","guid":{"rendered":"https:\/\/hollandhouseofhemp.com\/eventos\/"},"modified":"2023-01-10T11:58:10","modified_gmt":"2023-01-10T09:58:10","slug":"eventos","status":"publish","type":"page","link":"https:\/\/hollandhouseofhemp.com\/es\/eventos\/","title":{"rendered":"Eventos"},"content":{"rendered":"\t\t<div data-elementor-type=\"wp-page\" data-elementor-id=\"18947\" class=\"elementor elementor-18947 elementor-7881\" data-elementor-post-type=\"page\">\n\t\t\t\t\t\t<section class=\"elementor-section elementor-top-section elementor-element elementor-element-10704d83 elementor-section-boxed elementor-section-height-default elementor-section-height-default\" data-id=\"10704d83\" data-element_type=\"section\">\n\t\t\t\t\t\t<div class=\"elementor-container elementor-column-gap-default\">\n\t\t\t\t\t<div class=\"elementor-column elementor-col-100 elementor-top-column elementor-element elementor-element-3e2689c5\" data-id=\"3e2689c5\" data-element_type=\"column\">\n\t\t\t<div class=\"elementor-widget-wrap elementor-element-populated\">\n\t\t\t\t\t\t<div class=\"elementor-element elementor-element-d234bcf elementor-widget elementor-widget-text-editor\" data-id=\"d234bcf\" data-element_type=\"widget\" data-widget_type=\"text-editor.default\">\n\t\t\t\t<div class=\"elementor-widget-container\">\n\t\t\t\t\t\t\t\t\t<p>Holland House of Hemp organiza actos y participa en ellos.<br \/>\n\u00bfQuiere colaborar con nosotros para que su evento sea un gran \u00e9xito?<br \/>\n\u00bf\u00e9xito? Pues inscr\u00edbete a trav\u00e9s de:info@hollandhouseofhemp.com <i>(condiciones eventing mayo 2022 aplicables)<\/i><\/p>\n\t\t\t\t\t\t\t\t<\/div>\n\t\t\t\t<\/div>\n\t\t\t\t\t<\/div>\n\t\t<\/div>\n\t\t\t\t\t<\/div>\n\t\t<\/section>\n\t\t\t\t<\/div>\n\t\t","protected":false},"excerpt":{"rendered":"<p>Holland House of Hemp organiza actos y participa en ellos. \u00bfQuiere colaborar con nosotros para que su evento sea un gran \u00e9xito? \u00bf\u00e9xito? Pues inscr\u00edbete a trav\u00e9s de:info@hollandhouseofhemp.com (condiciones eventing mayo 2022 aplicables)<\/p>\n","protected":false},"author":1,"featured_media":0,"parent":0,"menu_order":0,"comment_status":"closed","ping_status":"closed","template":"","meta":{"footnotes":""},"class_list":["post-18947","page","type-page","status-publish","hentry"],"_links":{"self":[{"href":"https:\/\/hollandhouseofhemp.com\/es\/wp-json\/wp\/v2\/pages\/18947","targetHints":{"allow":["GET"]}}],"collection":[{"href":"https:\/\/hollandhouseofhemp.com\/es\/wp-json\/wp\/v2\/pages"}],"about":[{"href":"https:\/\/hollandhouseofhemp.com\/es\/wp-json\/wp\/v2\/types\/page"}],"author":[{"embeddable":true,"href":"https:\/\/hollandhouseofhemp.com\/es\/wp-json\/wp\/v2\/users\/1"}],"replies":[{"embeddable":true,"href":"https:\/\/hollandhouseofhemp.com\/es\/wp-json\/wp\/v2\/comments?post=18947"}],"version-history":[{"count":0,"href":"https:\/\/hollandhouseofhemp.com\/es\/wp-json\/wp\/v2\/pages\/18947\/revisions"}],"wp:attachment":[{"href":"https:\/\/hollandhouseofhemp.com\/es\/wp-json\/wp\/v2\/media?parent=18947"}],"curies":[{"name":"wp","href":"https:\/\/api.w.org\/{rel}","templated":true}]}}